{"id":354,"date":"2016-11-03T17:58:44","date_gmt":"2016-11-03T17:58:44","guid":{"rendered":"http:\/\/lawyer2.mythemecloud.io\/?page_id=354"},"modified":"2024-11-21T14:39:32","modified_gmt":"2024-11-21T14:39:32","slug":"contact","status":"publish","type":"page","link":"https:\/\/kalosolar-bizep.hu\/index.php\/contact\/","title":{"rendered":"El\u00e9rhet\u0151s\u00e9gek"},"content":{"rendered":"\t\t<div data-elementor-type=\"wp-post\" data-elementor-id=\"354\" class=\"elementor elementor-354\">\n\t\t\t\t\t\t<section class=\"elementor-section elementor-top-section elementor-element elementor-element-19c3252 elementor-section-boxed elementor-section-height-default elementor-section-height-default\" data-id=\"19c3252\" data-element_type=\"section\">\n\t\t\t\t\t\t<div class=\"elementor-container elementor-column-gap-default\">\n\t\t\t\t\t<div class=\"elementor-column elementor-col-100 elementor-top-column elementor-element elementor-element-acf98f9\" data-id=\"acf98f9\" data-element_type=\"column\">\n\t\t\t<div class=\"elementor-widget-wrap elementor-element-populated\">\n\t\t\t\t\t\t<div class=\"elementor-element elementor-element-ed6f345 elementor-position-top elementor-widget elementor-widget-image-box\" data-id=\"ed6f345\" data-element_type=\"widget\" data-widget_type=\"image-box.default\">\n\t\t\t\t<div class=\"elementor-widget-container\">\n\t\t\t<div class=\"elementor-image-box-wrapper\"><figure class=\"elementor-image-box-img\"><img decoding=\"async\" width=\"82\" height=\"82\" src=\"https:\/\/kalosolar-bizep.hu\/wp-content\/uploads\/2022\/06\/1-1.png\" class=\"attachment-full size-full wp-image-965\" alt=\"\" \/><\/figure><div class=\"elementor-image-box-content\"><h3 class=\"elementor-image-box-title\">Telefon<\/h3><\/div><\/div>\t\t<\/div>\n\t\t\t\t<\/div>\n\t\t\t\t\t<\/div>\n\t\t<\/div>\n\t\t\t\t\t<\/div>\n\t\t<\/section>\n\t\t\t\t<section class=\"elementor-section elementor-top-section elementor-element elementor-element-c8f01b6 elementor-section-boxed elementor-section-height-default elementor-section-height-default\" data-id=\"c8f01b6\" data-element_type=\"section\">\n\t\t\t\t\t\t<div class=\"elementor-container elementor-column-gap-default\">\n\t\t\t\t\t<div class=\"elementor-column elementor-col-100 elementor-top-column elementor-element elementor-element-bc0c452\" data-id=\"bc0c452\" data-element_type=\"column\">\n\t\t\t<div class=\"elementor-widget-wrap elementor-element-populated\">\n\t\t\t\t\t\t<div class=\"elementor-element elementor-element-8049d12 elementor-widget elementor-widget-image-box\" data-id=\"8049d12\" data-element_type=\"widget\" data-widget_type=\"image-box.default\">\n\t\t\t\t<div class=\"elementor-widget-container\">\n\t\t\t<div class=\"elementor-image-box-wrapper\"><div class=\"elementor-image-box-content\"><h3 class=\"elementor-image-box-title\">Tervez\u00e9s, enged\u00e9lyeztet\u00e9s, kivitelez\u00e9s<\/h3><p class=\"elementor-image-box-description\">Kov\u00e1cs S\u00e1ndor: +36-30\/207-7517<br>M\u00e9sz\u00e1ros J\u00f3zsef: +36-20\/528-9282<\/p><\/div><\/div>\t\t<\/div>\n\t\t\t\t<\/div>\n\t\t\t\t\t<\/div>\n\t\t<\/div>\n\t\t\t\t\t<\/div>\n\t\t<\/section>\n\t\t\t\t<section class=\"elementor-section elementor-top-section elementor-element elementor-element-fb2890a elementor-section-boxed elementor-section-height-default elementor-section-height-default\" data-id=\"fb2890a\" data-element_type=\"section\">\n\t\t\t\t\t\t<div class=\"elementor-container elementor-column-gap-default\">\n\t\t\t\t\t<div class=\"elementor-column elementor-col-100 elementor-top-column elementor-element elementor-element-2a0f83d\" data-id=\"2a0f83d\" data-element_type=\"column\">\n\t\t\t<div class=\"elementor-widget-wrap elementor-element-populated\">\n\t\t\t\t\t\t<div class=\"elementor-element elementor-element-79ac3b9 elementor-widget elementor-widget-image-box\" data-id=\"79ac3b9\" data-element_type=\"widget\" data-widget_type=\"image-box.default\">\n\t\t\t\t<div class=\"elementor-widget-container\">\n\t\t\t<div class=\"elementor-image-box-wrapper\"><div class=\"elementor-image-box-content\"><h3 class=\"elementor-image-box-title\">Tet\u0151fel\u00faj\u00edt\u00e1s - ak\u00e1r teljes csere!<\/h3><p class=\"elementor-image-box-description\">L\u00e9vai P\u00e9ter Istv\u00e1n: +36-70\/256-6544<\/p><\/div><\/div>\t\t<\/div>\n\t\t\t\t<\/div>\n\t\t\t\t\t<\/div>\n\t\t<\/div>\n\t\t\t\t\t<\/div>\n\t\t<\/section>\n\t\t\t\t<section class=\"elementor-section elementor-top-section elementor-element elementor-element-bc2f19b elementor-section-boxed elementor-section-height-default elementor-section-height-default\" data-id=\"bc2f19b\" data-element_type=\"section\">\n\t\t\t\t\t\t<div class=\"elementor-container elementor-column-gap-default\">\n\t\t\t\t\t<div class=\"elementor-column elementor-col-100 elementor-top-column elementor-element elementor-element-2214cdc\" data-id=\"2214cdc\" data-element_type=\"column\">\n\t\t\t<div class=\"elementor-widget-wrap elementor-element-populated\">\n\t\t\t\t\t\t<div class=\"elementor-element elementor-element-a0ce218 elementor-widget elementor-widget-image-box\" data-id=\"a0ce218\" data-element_type=\"widget\" data-widget_type=\"image-box.default\">\n\t\t\t\t<div class=\"elementor-widget-container\">\n\t\t\t<div class=\"elementor-image-box-wrapper\"><div class=\"elementor-image-box-content\"><h3 class=\"elementor-image-box-title\">Teljesk\u00f6r\u0171 hitel \u00e9s biztos\u00edt\u00e1si \u00fcgyint\u00e9z\u00e9s<\/h3><p class=\"elementor-image-box-description\">Kov\u00e1cs S\u00e1ndor: +36-30\/207-7517<br>Bartek Marianna: +36-20\/370-5120<\/p><\/div><\/div>\t\t<\/div>\n\t\t\t\t<\/div>\n\t\t\t\t\t<\/div>\n\t\t<\/div>\n\t\t\t\t\t<\/div>\n\t\t<\/section>\n\t\t\t\t<section class=\"elementor-section elementor-top-section elementor-element elementor-element-e129e2d elementor-section-boxed elementor-section-height-default elementor-section-height-default\" data-id=\"e129e2d\" data-element_type=\"section\">\n\t\t\t\t\t\t<div class=\"elementor-container elementor-column-gap-default\">\n\t\t\t\t\t<div class=\"elementor-column elementor-col-50 elementor-top-column elementor-element elementor-element-aa4335a\" data-id=\"aa4335a\" data-element_type=\"column\">\n\t\t\t<div class=\"elementor-widget-wrap elementor-element-populated\">\n\t\t\t\t\t\t<div class=\"elementor-element elementor-element-95957e9 elementor-position-top elementor-widget elementor-widget-image-box\" data-id=\"95957e9\" data-element_type=\"widget\" data-widget_type=\"image-box.default\">\n\t\t\t\t<div class=\"elementor-widget-container\">\n\t\t\t<div class=\"elementor-image-box-wrapper\"><figure class=\"elementor-image-box-img\"><img decoding=\"async\" width=\"82\" height=\"82\" src=\"https:\/\/kalosolar-bizep.hu\/wp-content\/uploads\/2022\/06\/2-1.png\" class=\"attachment-full size-full wp-image-966\" alt=\"\" \/><\/figure><div class=\"elementor-image-box-content\"><h3 class=\"elementor-image-box-title\">C\u00edm<\/h3><p class=\"elementor-image-box-description\">6300 Kalocsa, Sz\u00e9chenyi utca 2.<\/p><\/div><\/div>\t\t<\/div>\n\t\t\t\t<\/div>\n\t\t\t\t\t<\/div>\n\t\t<\/div>\n\t\t\t\t<div class=\"elementor-column elementor-col-50 elementor-top-column elementor-element elementor-element-56bcca3\" data-id=\"56bcca3\" data-element_type=\"column\">\n\t\t\t<div class=\"elementor-widget-wrap elementor-element-populated\">\n\t\t\t\t\t\t<div class=\"elementor-element elementor-element-4f0b3d0 elementor-position-top elementor-widget elementor-widget-image-box\" data-id=\"4f0b3d0\" data-element_type=\"widget\" data-widget_type=\"image-box.default\">\n\t\t\t\t<div class=\"elementor-widget-container\">\n\t\t\t<div class=\"elementor-image-box-wrapper\"><figure class=\"elementor-image-box-img\"><img decoding=\"async\" width=\"82\" height=\"82\" src=\"https:\/\/kalosolar-bizep.hu\/wp-content\/uploads\/2022\/06\/3-1.png\" class=\"attachment-full size-full wp-image-967\" alt=\"\" \/><\/figure><div class=\"elementor-image-box-content\"><h3 class=\"elementor-image-box-title\">E-mail<\/h3><p class=\"elementor-image-box-description\">kalosolarbizep@gmail.com<\/p><\/div><\/div>\t\t<\/div>\n\t\t\t\t<\/div>\n\t\t\t\t\t<\/div>\n\t\t<\/div>\n\t\t\t\t\t<\/div>\n\t\t<\/section>\n\t\t\t\t<\/div>\n\t\t","protected":false},"excerpt":{"rendered":"<p>Telefon Tervez\u00e9s, enged\u00e9lyeztet\u00e9s, kivitelez\u00e9s Kov\u00e1cs S\u00e1ndor: +36-30\/207-7517M\u00e9sz\u00e1ros J\u00f3zsef: +36-20\/528-9282 Tet\u0151fel\u00faj\u00edt\u00e1s &#8211; ak\u00e1r teljes csere! L\u00e9vai P\u00e9ter Istv\u00e1n: +36-70\/256-6544 Teljesk\u00f6r\u0171 hitel \u00e9s biztos\u00edt\u00e1si \u00fcgyint\u00e9z\u00e9s Kov\u00e1cs S\u00e1ndor: +36-30\/207-7517Bartek Marianna: +36-20\/370-5120 C\u00edm 6300 Kalocsa, Sz\u00e9chenyi utca 2. E-mail kalosolarbizep@gmail.com<\/p>\n","protected":false},"author":1,"featured_media":0,"parent":0,"menu_order":0,"comment_status":"closed","ping_status":"closed","template":"","meta":{"_regular_price":[],"currency_symbol":[],"footnotes":""},"class_list":["post-354","page","type-page","status-publish","hentry"],"post_slider_layout_featured_media_urls":{"thumbnail":"","post_slider_layout_landscape_large":"","post_slider_layout_portrait_large":"","post_slider_layout_square_large":"","post_slider_layout_landscape":"","post_slider_layout_portrait":"","post_slider_layout_square":"","full":""},"_links":{"self":[{"href":"https:\/\/kalosolar-bizep.hu\/index.php\/wp-json\/wp\/v2\/pages\/354","targetHints":{"allow":["GET"]}}],"collection":[{"href":"https:\/\/kalosolar-bizep.hu\/index.php\/wp-json\/wp\/v2\/pages"}],"about":[{"href":"https:\/\/kalosolar-bizep.hu\/index.php\/wp-json\/wp\/v2\/types\/page"}],"author":[{"embeddable":true,"href":"https:\/\/kalosolar-bizep.hu\/index.php\/wp-json\/wp\/v2\/users\/1"}],"replies":[{"embeddable":true,"href":"https:\/\/kalosolar-bizep.hu\/index.php\/wp-json\/wp\/v2\/comments?post=354"}],"version-history":[{"count":25,"href":"https:\/\/kalosolar-bizep.hu\/index.php\/wp-json\/wp\/v2\/pages\/354\/revisions"}],"predecessor-version":[{"id":1010,"href":"https:\/\/kalosolar-bizep.hu\/index.php\/wp-json\/wp\/v2\/pages\/354\/revisions\/1010"}],"wp:attachment":[{"href":"https:\/\/kalosolar-bizep.hu\/index.php\/wp-json\/wp\/v2\/media?parent=354"}],"curies":[{"name":"wp","href":"https:\/\/api.w.org\/{rel}","templated":true}]}}